{"id":1605,"date":"2026-02-19T00:54:57","date_gmt":"2026-02-19T00:54:57","guid":{"rendered":"https:\/\/fromchina.cl\/tours\/?page_id=1605"},"modified":"2026-02-19T23:58:37","modified_gmt":"2026-02-19T23:58:37","slug":"feria-canton-2026","status":"publish","type":"page","link":"https:\/\/fromchina.cl\/tours\/feria-canton-2026\/","title":{"rendered":"Feria Cant\u00f3n 2026"},"content":{"rendered":"\n<div class=\"wp-block-cover alignfull\" style=\"min-height:694px;aspect-ratio:unset;\"><img loading=\"lazy\" decoding=\"async\" width=\"1024\" height=\"768\" class=\"wp-block-cover__image-background wp-image-1608 size-large\" alt=\"\" src=\"https:\/\/fromchina.cl\/tours\/wp-content\/uploads\/2026\/02\/IMG_8552-1-1024x768.jpg\" data-object-fit=\"cover\" srcset=\"https:\/\/fromchina.cl\/tours\/wp-content\/uploads\/2026\/02\/IMG_8552-1-1024x768.jpg 1024w, https:\/\/fromchina.cl\/tours\/wp-content\/uploads\/2026\/02\/IMG_8552-1-300x225.jpg 300w, https:\/\/fromchina.cl\/tours\/wp-content\/uploads\/2026\/02\/IMG_8552-1-768x576.jpg 768w, https:\/\/fromchina.cl\/tours\/wp-content\/uploads\/2026\/02\/IMG_8552-1-1536x1152.jpg 1536w, https:\/\/fromchina.cl\/tours\/wp-content\/uploads\/2026\/02\/IMG_8552-1-2048x1536.jpg 2048w\" sizes=\"auto, (max-width: 1024px) 100vw, 1024px\" \/><span aria-hidden=\"true\" class=\"wp-block-cover__background has-black-background-color has-background-dim-60 has-background-dim\"><\/span><div class=\"wp-block-cover__inner-container is-layout-constrained wp-block-cover-is-layout-constrained\">\n<h1 class=\"wp-block-heading has-text-align-center has-white-color has-text-color has-link-color wp-elements-bdbcd834499c0a63dc0d91a3bac58119\" style=\"font-size:54px\"><strong>Misi\u00f3n Comercial a la Feria de Cant\u00f3n 2026 desde Chile<\/strong><\/h1>\n\n\n\n<p class=\"has-text-align-center has-white-color has-text-color has-link-color wp-elements-c7f44746ed3d00b5581e52d38493df37\" style=\"font-size:22px\">Participa en la feria comercial m\u00e1s grande del mundo y conecta directamente con fabricantes chinos.<\/p>\n\n\n\n<div class=\"wp-block-buttons has-custom-font-size has-large-font-size is-content-justification-center is-layout-flex wp-container-core-buttons-is-layout-16018d1d wp-block-buttons-is-layout-flex\">\n<div class=\"wp-block-button has-custom-width wp-block-button__width-75 is-style-fill\"><a class=\"wp-block-button__link has-luminous-vivid-amber-color has-black-background-color has-text-color has-background has-link-color has-medium-font-size has-text-align-center has-custom-font-size wp-element-button\" href=\"https:\/\/fromchina.cl\/tours\/formulario-de-inscripcion\/\" style=\"border-top-left-radius:30px;border-top-right-radius:30px;border-bottom-left-radius:30px;border-bottom-right-radius:30px\">Solicitar informaci\u00f3n<\/a><\/div>\n<\/div>\n<\/div><\/div>\n\n\n\n<div class=\"wp-block-group\"><div class=\"wp-block-group__inner-container is-layout-constrained wp-block-group-is-layout-constrained\">\n<div class=\"wp-block-group has-white-background-color has-background\"><div class=\"wp-block-group__inner-container is-layout-constrained wp-block-group-is-layout-constrained\"><\/div><\/div>\n\n\n\n<h2 class=\"wp-block-heading has-text-align-center has-black-color has-text-color has-link-color wp-elements-26c2c9dbab539b8dfce0917f06e455d0\" style=\"font-size:32px\">\u00bfPor qu\u00e9 participar en la Feria de Cant\u00f3n 2026?<\/h2>\n\n\n\n<p class=\"has-text-align-center has-text-color has-link-color wp-elements-db606625bfa60339343b44b70336385f\" style=\"color:#555555;font-size:18px\">La Feria de Cant\u00f3n es la mayor plataforma de negocios del mundo para importadores. Re\u00fane miles de fabricantes verificados en un solo lugar, permiti\u00e9ndote negociar directamente y descubrir oportunidades antes que tu competencia.<\/p>\n\n\n\n<div class=\"wp-block-group has-white-background-color has-background\"><div class=\"wp-block-group__inner-container is-layout-constrained wp-block-group-is-layout-constrained\"><\/div><\/div>\n<\/div><\/div>\n\n\n\n<div class=\"wp-block-columns is-layout-flex wp-container-core-columns-is-layout-9d6595d7 wp-block-columns-is-layout-flex\">\n<div class=\"wp-block-column is-layout-flow wp-block-column-is-layout-flow\">\n<h3 class=\"wp-block-heading has-text-align-center has-black-color has-text-color has-link-color wp-elements-ea849a400dde7437715cebe9093fcea3\" style=\"font-size:23px\">Negociaci\u00f3n directa<\/h3>\n\n\n\n<p class=\"has-text-align-center has-text-color has-link-color wp-elements-e7a6e1299f07e127fd149ed375bd5c3a\" style=\"color:#555555;font-size:16px\">Re\u00fanete cara a cara con fabricantes y elimina intermediarios para mejorar m\u00e1rgenes.<\/p>\n<\/div>\n\n\n\n<div class=\"wp-block-column is-layout-flow wp-block-column-is-layout-flow\">\n<h3 class=\"wp-block-heading has-text-align-center has-black-color has-text-color has-link-color wp-elements-93f43bca855f0c330670df99579e6735\" style=\"font-size:23px\">Proveedores verificados<\/h3>\n\n\n\n<p class=\"has-text-align-center has-text-color has-link-color wp-elements-44b1776f06f2a44e7dcdf1b1643ea917\" style=\"color:#555555;font-size:16px\">Accede a miles de empresas con trayectoria internacional y certificaciones.<\/p>\n<\/div>\n\n\n\n<div class=\"wp-block-column is-layout-flow wp-block-column-is-layout-flow\">\n<h3 class=\"wp-block-heading has-text-align-center has-black-color has-text-color has-link-color wp-elements-a15155df17b1e87c6bdc2660a6bab9b4\" style=\"font-size:23px\">Nuevas oportunidades<\/h3>\n\n\n\n<p class=\"has-text-align-center has-text-color has-link-color wp-elements-5757be55f778f69b16e5613ad6ef1a8e\" style=\"color:#555555;font-size:16px\">Descubre productos innovadores antes que tu competencia en Chile.<\/p>\n<\/div>\n<\/div>\n\n\n\n<div class=\"wp-block-group has-white-background-color has-background\"><div class=\"wp-block-group__inner-container is-layout-constrained wp-block-group-is-layout-constrained\"><\/div><\/div>\n\n\n\n<div class=\"wp-block-columns are-vertically-aligned-center is-layout-flex wp-container-core-columns-is-layout-9d6595d7 wp-block-columns-is-layout-flex\">\n<div class=\"wp-block-column is-vertically-aligned-center is-layout-flow wp-block-column-is-layout-flow\" style=\"flex-basis:60%\">\n<h2 class=\"wp-block-heading has-black-color has-text-color has-link-color wp-elements-c1f6c64c799120ad16d099a90dbce203\" style=\"font-size:20px\">\u2714<strong>Agenda personalizada con proveedores verificados<\/strong><\/h2>\n\n\n\n<p class=\"has-text-color has-link-color wp-elements-49adce0774e807bd30be85eda3140a19\" style=\"color:#555555;font-size:16px\">Coordinamos reuniones previas con fabricantes verificados seg\u00fan tu rubro.<\/p>\n\n\n\n<ul class=\"wp-block-list\">\n<li class=\"has-text-color has-link-color wp-elements-9af1be53d6da256265ccefac77327f08\" style=\"color:#555555;font-size:15px\">Agenda de reuniones con proveedores.<\/li>\n\n\n\n<li class=\"has-text-color has-link-color wp-elements-c381a31694402643227abf2db6e7426a\" style=\"color:#555555;font-size:15px\">Traducci\u00f3n y apoyo en terreno.<\/li>\n\n\n\n<li class=\"has-text-color has-link-color wp-elements-0f971304d4adc597692c0d99400f1203\" style=\"color:#555555;font-size:15px\">Red de contacto con empresarios chilenos.<\/li>\n\n\n\n<li class=\"has-text-color has-link-color wp-elements-f6d7229248335d371cf61cb0f66e4913\" style=\"color:#555555;font-size:15px\">Soporte post-feria<\/li>\n<\/ul>\n<\/div>\n\n\n\n<div class=\"wp-block-column is-vertically-aligned-center is-layout-flow wp-block-column-is-layout-flow\" style=\"flex-basis:66.66%\">\n<figure class=\"wp-block-image size-large\"><a href=\"https:\/\/fromchina.cl\/tours\/wp-content\/uploads\/2026\/02\/IMG_8360-1-scaled.jpg\"><img loading=\"lazy\" decoding=\"async\" width=\"1024\" height=\"768\" src=\"https:\/\/fromchina.cl\/tours\/wp-content\/uploads\/2026\/02\/IMG_8360-1-1024x768.jpg\" alt=\"\" class=\"wp-image-1624\" srcset=\"https:\/\/fromchina.cl\/tours\/wp-content\/uploads\/2026\/02\/IMG_8360-1-1024x768.jpg 1024w, https:\/\/fromchina.cl\/tours\/wp-content\/uploads\/2026\/02\/IMG_8360-1-300x225.jpg 300w, https:\/\/fromchina.cl\/tours\/wp-content\/uploads\/2026\/02\/IMG_8360-1-768x576.jpg 768w, https:\/\/fromchina.cl\/tours\/wp-content\/uploads\/2026\/02\/IMG_8360-1-1536x1152.jpg 1536w, https:\/\/fromchina.cl\/tours\/wp-content\/uploads\/2026\/02\/IMG_8360-1-2048x1536.jpg 2048w\" sizes=\"auto, (max-width: 1024px) 100vw, 1024px\" \/><\/a><\/figure>\n<\/div>\n<\/div>\n\n\n\n<div class=\"wp-block-group has-white-background-color has-background\"><div class=\"wp-block-group__inner-container is-layout-constrained wp-block-group-is-layout-constrained\"><\/div><\/div>\n\n\n\n<div class=\"wp-block-group\"><div class=\"wp-block-group__inner-container is-layout-constrained wp-block-group-is-layout-constrained\">\n<h2 class=\"wp-block-heading has-black-color has-white-background-color has-text-color has-background has-link-color wp-elements-d36e37efa9f4a86d659255270bfc682a\" style=\"font-size:32px\">Fechas y detalles de la misi\u00f3n comercial<\/h2>\n\n\n\n<div class=\"wp-block-columns is-layout-flex wp-container-core-columns-is-layout-9d6595d7 wp-block-columns-is-layout-flex\">\n<div class=\"wp-block-column is-layout-flow wp-block-column-is-layout-flow\">\n<h2 class=\"wp-block-heading has-black-color has-text-color has-link-color wp-elements-0fac8346cbf9de2c0c0903335341784c\" style=\"font-size:20px\">Fechas<\/h2>\n\n\n\n<p class=\"has-text-color has-link-color wp-elements-dbcd506c5ccf6091745d5f38ee5934af\" style=\"color:#555555;font-size:16px\">Abril 2026.<br>Primera fase de la Feria de Cant\u00f3n.<\/p>\n<\/div>\n\n\n\n<div class=\"wp-block-column is-layout-flow wp-block-column-is-layout-flow\">\n<h2 class=\"wp-block-heading has-black-color has-text-color has-link-color wp-elements-ac3c7c2726031b7e757a01434768f7a9\" style=\"font-size:20px\">Ciudad<\/h2>\n\n\n\n<p class=\"has-text-color has-link-color wp-elements-7de93b7614ee627b661743983bfb0c64\" style=\"color:#555555;font-size:16px\">Guangzhou, China.<br>Sede del mayor evento de comercio internacional del mundo.<\/p>\n\n\n\n<p style=\"font-size:15px\"><\/p>\n<\/div>\n\n\n\n<div class=\"wp-block-column is-layout-flow wp-block-column-is-layout-flow\">\n<h2 class=\"wp-block-heading has-black-color has-text-color has-link-color wp-elements-ee1a527b0f0edda03401394a2481cc07\" style=\"font-size:20px\">Perfil ideal<\/h2>\n\n\n\n<p class=\"has-text-color has-link-color wp-elements-30cc8cdba83ef5d8d9413c0cb9e22deb\" style=\"color:#555555;font-size:16px\">Empresarios chilenos que buscan proveedores directos, mejorar m\u00e1rgenes y expandir su cat\u00e1logo mediante fabricaci\u00f3n personalizada.<\/p>\n<\/div>\n<\/div>\n\n\n\n<div class=\"wp-block-group has-white-background-color has-background\"><div class=\"wp-block-group__inner-container is-layout-constrained wp-block-group-is-layout-constrained\"><\/div><\/div>\n<\/div><\/div>\n\n\n\n<div class=\"wp-block-buttons is-content-justification-center is-layout-flex wp-container-core-buttons-is-layout-16018d1d wp-block-buttons-is-layout-flex\">\n<div class=\"wp-block-button has-custom-width wp-block-button__width-75\"><a class=\"wp-block-button__link has-luminous-vivid-amber-color has-black-background-color has-text-color has-background has-link-color has-medium-font-size has-text-align-center has-custom-font-size wp-element-button\" href=\"https:\/\/fromchina.cl\/tours\/formulario-de-inscripcion\/\">Quiero asegurar mi cupo<\/a><\/div>\n<\/div>\n\n\n\n<p class=\"has-text-align-center has-text-color has-link-color wp-elements-3291e38743b33b682b2c2d2ca43fe3d3\" style=\"color:#555555;font-size:14px\">Cupos limitados.<\/p>\n\n\n\n<div class=\"wp-block-group has-white-background-color has-background\"><div class=\"wp-block-group__inner-container is-layout-constrained wp-block-group-is-layout-constrained\">\n<div class=\"wp-block-group has-white-background-color has-background\"><div class=\"wp-block-group__inner-container is-layout-constrained wp-block-group-is-layout-constrained\"><\/div><\/div>\n<\/div><\/div>\n\n\n\n<div class=\"wp-block-group has-white-background-color has-background\"><div class=\"wp-block-group__inner-container is-layout-constrained wp-block-group-is-layout-constrained\">\n<h2 class=\"wp-block-heading has-black-color has-text-color has-link-color wp-elements-43263ca4920c2c5ce55e61e15d4a68ef\" style=\"font-size:32px\">Todo lo que necesitas saber antes de participar<\/h2>\n<\/div><\/div>\n\n\n\n<div data-wp-context=\"{ &quot;autoclose&quot;: false, &quot;accordionItems&quot;: [] }\" data-wp-interactive=\"core\/accordion\" role=\"group\" class=\"wp-block-accordion is-layout-flow wp-block-accordion-is-layout-flow\">\n<div data-wp-class--is-open=\"state.isOpen\" data-wp-context=\"{ &quot;id&quot;: &quot;accordion-item-1&quot;, &quot;openByDefault&quot;: false }\" data-wp-init=\"callbacks.initAccordionItems\" data-wp-on-window--hashchange=\"callbacks.hashChange\" class=\"wp-block-accordion-item is-layout-flow wp-block-accordion-item-is-layout-flow\">\n<h3 class=\"wp-block-accordion-heading has-black-color has-text-color has-link-color wp-elements-d98e24a3c918851d94e219ca48f088f4\"><button aria-expanded=\"false\" aria-controls=\"accordion-item-1-panel\" data-wp-bind--aria-expanded=\"state.isOpen\" data-wp-on--click=\"actions.toggle\" data-wp-on--keydown=\"actions.handleKeyDown\" id=\"accordion-item-1\" type=\"button\" class=\"wp-block-accordion-heading__toggle\"><span class=\"wp-block-accordion-heading__toggle-title\">\u00bfNecesito experiencia importando desde China?<\/span><span class=\"wp-block-accordion-heading__toggle-icon\" aria-hidden=\"true\">+<\/span><\/button><\/h3>\n\n\n\n<div inert aria-labelledby=\"accordion-item-1\" data-wp-bind--inert=\"!state.isOpen\" id=\"accordion-item-1-panel\" role=\"region\" class=\"wp-block-accordion-panel is-layout-flow wp-block-accordion-panel-is-layout-flow\">\n<p style=\"font-size:16px\">No. Coordinamos reuniones con proveedores verificados y te acompa\u00f1amos en el proceso para que puedas negociar con seguridad, incluso si es tu primera vez.<\/p>\n<\/div>\n<\/div>\n<\/div>\n\n\n\n<div data-wp-context=\"{ &quot;autoclose&quot;: false, &quot;accordionItems&quot;: [] }\" data-wp-interactive=\"core\/accordion\" role=\"group\" class=\"wp-block-accordion is-layout-flow wp-block-accordion-is-layout-flow\">\n<div data-wp-class--is-open=\"state.isOpen\" data-wp-context=\"{ &quot;id&quot;: &quot;accordion-item-2&quot;, &quot;openByDefault&quot;: false }\" data-wp-init=\"callbacks.initAccordionItems\" data-wp-on-window--hashchange=\"callbacks.hashChange\" class=\"wp-block-accordion-item is-layout-flow wp-block-accordion-item-is-layout-flow\">\n<h3 class=\"wp-block-accordion-heading has-black-color has-text-color has-link-color wp-elements-5e1ffdfad940ba36d40d638ebec1e973\"><button aria-expanded=\"false\" aria-controls=\"accordion-item-2-panel\" data-wp-bind--aria-expanded=\"state.isOpen\" data-wp-on--click=\"actions.toggle\" data-wp-on--keydown=\"actions.handleKeyDown\" id=\"accordion-item-2\" type=\"button\" class=\"wp-block-accordion-heading__toggle\"><span class=\"wp-block-accordion-heading__toggle-title\">\u00bfLa misi\u00f3n incluye agenda con proveedores?<\/span><span class=\"wp-block-accordion-heading__toggle-icon\" aria-hidden=\"true\">+<\/span><\/button><\/h3>\n\n\n\n<div inert aria-labelledby=\"accordion-item-2\" data-wp-bind--inert=\"!state.isOpen\" id=\"accordion-item-2-panel\" role=\"region\" class=\"wp-block-accordion-panel is-layout-flow wp-block-accordion-panel-is-layout-flow\">\n<p style=\"font-size:16px\">S\u00ed. Antes del viaje organizamos reuniones seg\u00fan tu rubro y objetivos comerciales.<\/p>\n<\/div>\n<\/div>\n<\/div>\n\n\n\n<div data-wp-context=\"{ &quot;autoclose&quot;: false, &quot;accordionItems&quot;: [] }\" data-wp-interactive=\"core\/accordion\" role=\"group\" class=\"wp-block-accordion is-layout-flow wp-block-accordion-is-layout-flow\">\n<div data-wp-class--is-open=\"state.isOpen\" data-wp-context=\"{ &quot;id&quot;: &quot;accordion-item-3&quot;, &quot;openByDefault&quot;: false }\" data-wp-init=\"callbacks.initAccordionItems\" data-wp-on-window--hashchange=\"callbacks.hashChange\" class=\"wp-block-accordion-item is-layout-flow wp-block-accordion-item-is-layout-flow\">\n<h3 class=\"wp-block-accordion-heading has-black-color has-text-color has-link-color wp-elements-77dfc5640a6dacf00a696e01e8d8e727\"><button aria-expanded=\"false\" aria-controls=\"accordion-item-3-panel\" data-wp-bind--aria-expanded=\"state.isOpen\" data-wp-on--click=\"actions.toggle\" data-wp-on--keydown=\"actions.handleKeyDown\" id=\"accordion-item-3\" type=\"button\" class=\"wp-block-accordion-heading__toggle\"><span class=\"wp-block-accordion-heading__toggle-title\">\u00bfQu\u00e9 incluye la misi\u00f3n comercial?<\/span><span class=\"wp-block-accordion-heading__toggle-icon\" aria-hidden=\"true\">+<\/span><\/button><\/h3>\n\n\n\n<div inert aria-labelledby=\"accordion-item-3\" data-wp-bind--inert=\"!state.isOpen\" id=\"accordion-item-3-panel\" role=\"region\" class=\"wp-block-accordion-panel is-layout-flow wp-block-accordion-panel-is-layout-flow\">\n<p style=\"font-size:16px\">Incluye coordinaci\u00f3n previa, agenda personalizada, acompa\u00f1amiento en terreno, traducci\u00f3n y soporte posterior a la feria.<\/p>\n<\/div>\n<\/div>\n<\/div>\n\n\n\n<div data-wp-context=\"{ &quot;autoclose&quot;: false, &quot;accordionItems&quot;: [] }\" data-wp-interactive=\"core\/accordion\" role=\"group\" class=\"wp-block-accordion is-layout-flow wp-block-accordion-is-layout-flow\">\n<div data-wp-class--is-open=\"state.isOpen\" data-wp-context=\"{ &quot;id&quot;: &quot;accordion-item-4&quot;, &quot;openByDefault&quot;: false }\" data-wp-init=\"callbacks.initAccordionItems\" data-wp-on-window--hashchange=\"callbacks.hashChange\" class=\"wp-block-accordion-item is-layout-flow wp-block-accordion-item-is-layout-flow\">\n<h3 class=\"wp-block-accordion-heading has-black-color has-text-color has-link-color wp-elements-64a7b4d08d05f2f2729d7655ae2966da\"><button aria-expanded=\"false\" aria-controls=\"accordion-item-4-panel\" data-wp-bind--aria-expanded=\"state.isOpen\" data-wp-on--click=\"actions.toggle\" data-wp-on--keydown=\"actions.handleKeyDown\" id=\"accordion-item-4\" type=\"button\" class=\"wp-block-accordion-heading__toggle\"><span class=\"wp-block-accordion-heading__toggle-title\">\u00bfCu\u00e1ntos empresarios participan?<\/span><span class=\"wp-block-accordion-heading__toggle-icon\" aria-hidden=\"true\">+<\/span><\/button><\/h3>\n\n\n\n<div inert aria-labelledby=\"accordion-item-4\" data-wp-bind--inert=\"!state.isOpen\" id=\"accordion-item-4-panel\" role=\"region\" class=\"wp-block-accordion-panel is-layout-flow wp-block-accordion-panel-is-layout-flow\">\n<p style=\"font-size:16px\">Trabajamos con cupos limitados para asegurar atenci\u00f3n personalizada y calidad en las reuniones.<\/p>\n<\/div>\n<\/div>\n<\/div>\n\n\n\n<div data-wp-context=\"{ &quot;autoclose&quot;: false, &quot;accordionItems&quot;: [] }\" data-wp-interactive=\"core\/accordion\" role=\"group\" class=\"wp-block-accordion is-layout-flow wp-block-accordion-is-layout-flow\">\n<div data-wp-class--is-open=\"state.isOpen\" data-wp-context=\"{ &quot;id&quot;: &quot;accordion-item-5&quot;, &quot;openByDefault&quot;: false }\" data-wp-init=\"callbacks.initAccordionItems\" data-wp-on-window--hashchange=\"callbacks.hashChange\" class=\"wp-block-accordion-item is-layout-flow wp-block-accordion-item-is-layout-flow\">\n<h3 class=\"wp-block-accordion-heading has-black-color has-text-color has-link-color wp-elements-2f21a3c3a0aad3e9a49b8e8fd00a9889\"><button aria-expanded=\"false\" aria-controls=\"accordion-item-5-panel\" data-wp-bind--aria-expanded=\"state.isOpen\" data-wp-on--click=\"actions.toggle\" data-wp-on--keydown=\"actions.handleKeyDown\" id=\"accordion-item-5\" type=\"button\" class=\"wp-block-accordion-heading__toggle\"><span class=\"wp-block-accordion-heading__toggle-title\">\u00bfQu\u00e9 ocurre despu\u00e9s de la feria?<\/span><span class=\"wp-block-accordion-heading__toggle-icon\" aria-hidden=\"true\">+<\/span><\/button><\/h3>\n\n\n\n<div inert aria-labelledby=\"accordion-item-5\" data-wp-bind--inert=\"!state.isOpen\" id=\"accordion-item-5-panel\" role=\"region\" class=\"wp-block-accordion-panel is-layout-flow wp-block-accordion-panel-is-layout-flow\">\n<p style=\"font-size:16px\">Te apoyamos en el seguimiento con proveedores, negociaci\u00f3n y pr\u00f3ximos pasos para concretar importaciones.<\/p>\n<\/div>\n<\/div>\n<\/div>\n\n\n\n<div class=\"wp-block-group has-white-background-color has-background\"><div class=\"wp-block-group__inner-container is-layout-constrained wp-block-group-is-layout-constrained\"><\/div><\/div>\n\n\n\n<div class=\"wp-block-buttons is-content-justification-center is-layout-flex wp-container-core-buttons-is-layout-16018d1d wp-block-buttons-is-layout-flex\">\n<div class=\"wp-block-button has-custom-width wp-block-button__width-75\"><a class=\"wp-block-button__link has-luminous-vivid-amber-color has-black-background-color has-text-color has-background has-link-color has-medium-font-size has-custom-font-size wp-element-button\" href=\"https:\/\/fromchina.cl\/tours\/formulario-de-inscripcion\/\">Quiero saber m\u00e1s<\/a><\/div>\n<\/div>\n\n\n\n<p class=\"has-text-align-center\" style=\"font-size:14px\">Sin compromiso. Te contactamos en menos de 24 horas.<\/p>\n\n\n\n<div class=\"wp-block-group has-white-background-color has-background\"><div class=\"wp-block-group__inner-container is-layout-constrained wp-block-group-is-layout-constrained\"><\/div><\/div>\n\n\n\n<p><\/p>\n","protected":false},"excerpt":{"rendered":"<p>\u00bfPor qu\u00e9 participar en la Feria de Cant\u00f3n 2026? La Feria de Cant\u00f3n es la mayor plataforma de negocios del mundo para importadores. Re\u00fane miles de fabricantes verificados en un &#8230;<\/p>\n","protected":false},"author":2,"featured_media":0,"parent":0,"menu_order":0,"comment_status":"closed","ping_status":"closed","template":"","meta":{"footnotes":""},"class_list":["post-1605","page","type-page","status-publish","hentry"],"_links":{"self":[{"href":"https:\/\/fromchina.cl\/tours\/wp-json\/wp\/v2\/pages\/1605","targetHints":{"allow":["GET"]}}],"collection":[{"href":"https:\/\/fromchina.cl\/tours\/wp-json\/wp\/v2\/pages"}],"about":[{"href":"https:\/\/fromchina.cl\/tours\/wp-json\/wp\/v2\/types\/page"}],"author":[{"embeddable":true,"href":"https:\/\/fromchina.cl\/tours\/wp-json\/wp\/v2\/users\/2"}],"replies":[{"embeddable":true,"href":"https:\/\/fromchina.cl\/tours\/wp-json\/wp\/v2\/comments?post=1605"}],"version-history":[{"count":35,"href":"https:\/\/fromchina.cl\/tours\/wp-json\/wp\/v2\/pages\/1605\/revisions"}],"predecessor-version":[{"id":1683,"href":"https:\/\/fromchina.cl\/tours\/wp-json\/wp\/v2\/pages\/1605\/revisions\/1683"}],"wp:attachment":[{"href":"https:\/\/fromchina.cl\/tours\/wp-json\/wp\/v2\/media?parent=1605"}],"curies":[{"name":"wp","href":"https:\/\/api.w.org\/{rel}","templated":true}]}}