{"id":1400,"date":"2017-05-29T04:50:05","date_gmt":"2017-05-29T04:50:05","guid":{"rendered":"https:\/\/fromchina.cl\/tours\/?page_id=1400"},"modified":"2024-01-24T23:18:53","modified_gmt":"2024-01-24T23:18:53","slug":"programa2","status":"publish","type":"page","link":"https:\/\/fromchina.cl\/tours\/programa2\/","title":{"rendered":"Misi\u00f3n Industrial"},"content":{"rendered":"<h2 style=\"text-align: center;\">LA \u00daNICA\u00a0empresa en\u00a0CHILE con misiones de negocios INTERNACIONALES y PERSONALIZADAS<\/h2>\n<h2 class=\"section-title\" style=\"text-align: center;\"><span style=\"color: #ff0000;\">\u00bfTE ATREVES?<\/span><\/h2>\n<hr \/>\n<p><span style=\"color: #ff0000;\"><strong>FROMCHINA<\/strong><\/span> ofrece una soluci\u00f3n integral para las empresas de Chile y Am\u00e9rica Latina en la etapa inicial de sus operaciones en China y Asia.\u00a0\u200bLe ayudamos a planificar viajes de negocios a medida, con previsibilidad, flexibilidad y productividad.\u00a0\u200b\u200bOfrecemos servicios de traductor; reservamos hoteles, transporte; y accesos o puestos a las ferias para usted.<\/p>\n<div class=\"paragraph\">\n<hr \/>\n<p><strong><u>Calendario de ferias importantes en China 2024<\/u><\/strong><\/p>\n<\/div>\n<table class=\"simple-table style-top\">\n<tbody>\n<tr>\n<td class=\"cell\">\n<div class=\"paragraph\">Prolight + Sound China, Canton, China<\/div>\n<\/td>\n<td class=\"cell\">\n<div class=\"paragraph\">23 &#8211; 26 mayo 2024<\/div>\n<\/td>\n<\/tr>\n<tr>\n<td class=\"cell\">\n<div class=\"paragraph\">Feria de mascotas, Beijing, China<\/div>\n<\/td>\n<td class=\"cell\">\n<div class=\"paragraph\">Acabado<\/div>\n<\/td>\n<\/tr>\n<tr>\n<td class=\"cell\">\n<div class=\"paragraph\">LED China, Shenzhen, China<\/div>\n<\/td>\n<td class=\"cell\">\n<div class=\"paragraph\">26 &#8211; 28 febrero 2024<\/div>\n<\/td>\n<\/tr>\n<tr>\n<td class=\"cell\">\n<div class=\"paragraph\">SIGN China, Shanghai, China<\/div>\n<\/td>\n<td class=\"cell\">\n<div class=\"paragraph\">\u200b19 &#8211; 21 septiembre 2024<\/div>\n<\/td>\n<\/tr>\n<tr>\n<td class=\"cell\">\n<div class=\"paragraph\">R + T Asia, Shanghai, China<\/div>\n<\/td>\n<td class=\"cell\">\n<div class=\"paragraph\">28 &#8211; 30 mayo 2024<\/div>\n<\/td>\n<\/tr>\n<tr>\n<td class=\"cell\">\n<div class=\"paragraph\">ISLE (Expo de LED y Signals), Shenzhen, China<\/div>\n<\/td>\n<td class=\"cell\">\n<div class=\"paragraph\">29 febrero &#8211; 2 marzo 2024<\/div>\n<\/td>\n<\/tr>\n<tr>\n<td class=\"cell\">\n<div class=\"paragraph\">SpinExpo, Shanghai, China<\/div>\n<\/td>\n<td class=\"cell\">\n<div class=\"paragraph\">5 &#8211; 7 marzo 2024<\/div>\n<\/td>\n<\/tr>\n<tr>\n<td class=\"cell\">\n<div class=\"paragraph\">Feria de Belleza Internacional (CIBE), Beijing, China<\/div>\n<\/td>\n<td class=\"cell\">\n<div class=\"paragraph\">27 &#8211; 29 marzo 2024<\/div>\n<\/td>\n<\/tr>\n<tr>\n<td class=\"cell\">\n<div class=\"paragraph\">Feria de equipos de fitness CIWF, Shanghai, China<\/div>\n<\/td>\n<td class=\"cell\">\n<div class=\"paragraph\">29 febrero &#8211; 2 marzo 2024<\/div>\n<\/td>\n<\/tr>\n<tr>\n<td class=\"cell\">\n<div class=\"paragraph\">Sino Label, Canton, China<\/div>\n<\/td>\n<td class=\"cell\">\n<div class=\"paragraph\">4 &#8211; 6 marzo 2024<\/div>\n<\/td>\n<\/tr>\n<tr>\n<td class=\"cell\">\n<div class=\"paragraph\">Packinno, Canton, China<\/div>\n<\/td>\n<td class=\"cell\">\n<div class=\"paragraph\">4 &#8211; 6 marzo 2024<\/div>\n<\/td>\n<\/tr>\n<tr>\n<td class=\"cell\">\n<div class=\"paragraph\">\u200bBaby and Stroller, Shenzhen, China<\/div>\n<\/td>\n<td class=\"cell\">\n<div class=\"paragraph\">8 &#8211; 10 abril 2024<\/div>\n<\/td>\n<\/tr>\n<tr>\n<td class=\"cell\">\n<div class=\"paragraph\">\u200bFeria de Belleza Internacional (CIBE), Canton, China<\/div>\n<\/td>\n<td class=\"cell\">\n<div class=\"paragraph\">10 &#8211; 12 marzo 2024<\/div>\n<\/td>\n<\/tr>\n<tr>\n<td class=\"cell\">\n<div class=\"paragraph\">Feria de Piedras para construcci\u00f3n, hogar y uso industria, Xiamen, China<\/div>\n<\/td>\n<td class=\"cell\">\n<div class=\"paragraph\">16 &#8211; 19 marzo 2024<\/div>\n<\/td>\n<\/tr>\n<tr>\n<td class=\"cell\">\n<div class=\"paragraph\">Feria de Mobiliarios, CIFF, Canton, China<\/div>\n<\/td>\n<td class=\"cell\">\n<div class=\"paragraph\">18 &#8211; 21 \/ 28 &#8211; 31 marzo 2024<\/div>\n<\/td>\n<\/tr>\n<tr>\n<td class=\"cell\">\n<div class=\"paragraph\">Domotex Asia \/ Chinafloor, Shanghai, China<\/div>\n<\/td>\n<td class=\"cell\">\n<div class=\"paragraph\">28 &#8211; 30 mayo 2024<\/div>\n<\/td>\n<\/tr>\n<tr>\n<td class=\"cell\">\n<div class=\"paragraph\">Feria de equipos y tecnolog\u00eda para la industria de petr\u00f3leo CIPPE, Beijing, China<\/div>\n<\/td>\n<td class=\"cell\">\n<div class=\"paragraph\">25 &#8211; 27 marzo 2024<\/div>\n<\/td>\n<\/tr>\n<tr>\n<td class=\"cell\">\n<div class=\"paragraph\">Feria de Refrigeraci\u00f3n, Beijing, China<\/div>\n<\/td>\n<td class=\"cell\">\n<div class=\"paragraph\">8 &#8211; 10 abril 2024<\/div>\n<\/td>\n<\/tr>\n<tr>\n<td class=\"cell\">\n<div class=\"paragraph\">Packcon, feria de contenedores para empacar, Shenzhen, China<\/div>\n<\/td>\n<td class=\"cell\">\n<div class=\"paragraph\">10 &#8211; 12 abril 2024<\/div>\n<\/td>\n<\/tr>\n<tr>\n<td class=\"cell\">\n<div class=\"paragraph\">Sino Corrugated, feria para la industria de cart\u00f3n corrugado, Shenzhen, China<\/div>\n<\/td>\n<td class=\"cell\">\n<div class=\"paragraph\">10 &#8211; 12 abril 2024<\/div>\n<\/td>\n<\/tr>\n<tr>\n<td class=\"cell\">\n<div class=\"paragraph\">Sino Folding Carton, feria para la industria de cart\u00f3n, Shenzhen, China<\/div>\n<\/td>\n<td class=\"cell\">\n<div class=\"paragraph\">10 &#8211; 12 abril 2024<\/div>\n<\/td>\n<\/tr>\n<tr>\n<td class=\"cell\">\n<div class=\"paragraph\">Feria de , Shanghai, China<\/div>\n<\/td>\n<td class=\"cell\">\n<div class=\"paragraph\">&#8211;<\/div>\n<\/td>\n<\/tr>\n<tr>\n<td class=\"cell\">\n<div class=\"paragraph\">Feria de equipos m\u00e9dicos China (CMEF), Shanghai, China<\/div>\n<\/td>\n<td class=\"cell\">\n<div class=\"paragraph\">11 &#8211; 14 abril 2024<\/div>\n<\/td>\n<\/tr>\n<tr>\n<td class=\"cell\">\n<div class=\"paragraph\">Print China, Dongguan, China<\/div>\n<\/td>\n<td class=\"cell\">\n<div class=\"paragraph\">11 &#8211; 15 abril 2024<\/div>\n<\/td>\n<\/tr>\n<tr>\n<td class=\"cell\">\n<div class=\"paragraph\">Feria de vidrio, China Glass, Shanghai, China<\/div>\n<\/td>\n<td class=\"cell\">\n<div class=\"paragraph\">25 &#8211; 28 abril 2024<\/div>\n<\/td>\n<\/tr>\n<tr>\n<td class=\"cell\">\n<div class=\"paragraph\"><a href=\"https:\/\/www.orient-plus.net\/china_feria-canton.html\">Feria Canton (Primavera), Fase I<\/a><\/div>\n<\/td>\n<td class=\"cell\">\n<div class=\"paragraph\">15 &#8211; 19 abril 2024<\/div>\n<\/td>\n<\/tr>\n<tr>\n<td class=\"cell\">\n<div class=\"paragraph\">Feria de nuces y semillas tostadas, Hefei, China<\/div>\n<\/td>\n<td class=\"cell\">\n<div class=\"paragraph\">18 &#8211; 20 abril 2024<\/div>\n<\/td>\n<\/tr>\n<tr>\n<td class=\"cell\">\n<div class=\"paragraph\">Shanghai Auto Show, Shanghai, China<\/div>\n<\/td>\n<td class=\"cell\">\n<div class=\"paragraph\">3 &#8211; 5 julio 2024<\/div>\n<\/td>\n<\/tr>\n<tr>\n<td class=\"cell\">\n<div class=\"paragraph\">Feria de tecnolog\u00eda para la protecci\u00f3n del ambiente (Expo IE), Shanghai, China<\/div>\n<\/td>\n<td class=\"cell\">\n<div class=\"paragraph\">18 &#8211; 20 abril 2024<\/div>\n<\/td>\n<\/tr>\n<tr>\n<td class=\"cell\">\n<div class=\"paragraph\">ChinaPlas, Shanghai, China<\/div>\n<\/td>\n<td class=\"cell\">\n<div class=\"paragraph\">23 &#8211; 26 abril 2024<\/div>\n<\/td>\n<\/tr>\n<tr>\n<td class=\"cell\">\n<div class=\"paragraph\"><a href=\"https:\/\/www.orient-plus.net\/china_feria-canton.html\">Feria Canton (Primavera), Fase II<\/a><\/div>\n<\/td>\n<td class=\"cell\">\n<div class=\"paragraph\">23 &#8211; 27 abril 2024<\/div>\n<\/td>\n<\/tr>\n<tr>\n<td class=\"cell\">\n<div class=\"paragraph\"><a href=\"https:\/\/www.orient-plus.net\/china_feria-canton.html\">Feria Canton (Primavera), Fase III<\/a><\/div>\n<\/td>\n<td class=\"cell\">\n<div class=\"paragraph\">1 &#8211; 5 Mayo 2024<\/div>\n<\/td>\n<\/tr>\n<tr>\n<td class=\"cell\">\n<div class=\"paragraph\">Feria de ascensores y escaleras, Shanghai, China<\/div>\n<\/td>\n<td class=\"cell\">\n<div class=\"paragraph\">8 &#8211; 11 mayo 2024<\/div>\n<\/td>\n<\/tr>\n<tr>\n<td class=\"cell\">\n<div class=\"paragraph\">Feria de motos y bicicletas, Shanghai, China<\/div>\n<\/td>\n<td class=\"cell\">\n<div class=\"paragraph\">5 &#8211; 8 mayo 2024<\/div>\n<\/td>\n<\/tr>\n<tr>\n<td class=\"cell\">\n<div class=\"paragraph\">Feria de belleza Internacional (CIBE), Shanghai, China<\/div>\n<\/td>\n<td class=\"cell\">\n<div class=\"paragraph\">19 &#8211; 21 junio 2024<\/div>\n<\/td>\n<\/tr>\n<tr>\n<td class=\"cell\">\n<div class=\"paragraph\">SIAL, Feria de alimentos, China Norte, Shanghai, China<\/div>\n<\/td>\n<td class=\"cell\">\n<div class=\"paragraph\">28 &#8211; 30 mayo 2024<\/div>\n<\/td>\n<\/tr>\n<tr>\n<td class=\"cell\">\n<div class=\"paragraph\">Feria Shanghai, China<\/div>\n<\/td>\n<td class=\"cell\">\n<div class=\"paragraph\">&#8211;<\/div>\n<\/td>\n<\/tr>\n<tr>\n<td class=\"cell\">\n<div class=\"paragraph\">China Sport Show, Chengdu, China<\/div>\n<\/td>\n<td class=\"cell\">\n<div class=\"paragraph\">23 &#8211; 26 mayo 2024<\/div>\n<\/td>\n<\/tr>\n<tr>\n<td class=\"cell\">\n<div class=\"paragraph\">China Fruit Logistica, Shanghai, China<\/div>\n<\/td>\n<td class=\"cell\">\n<div class=\"paragraph\">&#8211;<\/div>\n<\/td>\n<\/tr>\n<tr>\n<td class=\"cell\">\n<div class=\"paragraph\">APFE, Feria de cinta adhensiva, pel\u00edcula protectora y \u00f3ptica, Shanghai, China<\/div>\n<\/td>\n<td class=\"cell\">\n<div class=\"paragraph\">3 &#8211; 5 junio 2024<\/div>\n<\/td>\n<\/tr>\n<tr>\n<td class=\"cell\">\n<div class=\"paragraph\">Aquarama, Canton, China<\/div>\n<\/td>\n<td class=\"cell\">\n<div class=\"paragraph\">31 mayo &#8211; 2 junio 2024<\/div>\n<\/td>\n<\/tr>\n<tr>\n<td class=\"cell\">\n<div class=\"paragraph\">Feria de insumos y m\u00e1quinas para fabricaci\u00f3n de calzados en general \u00f3 de cuero, Canton, China<\/div>\n<\/td>\n<td class=\"cell\">\n<div class=\"paragraph\">3 &#8211; 5 junio 2024<\/div>\n<\/td>\n<\/tr>\n<tr>\n<td class=\"cell\">\n<div class=\"paragraph\">IFE, Feria de alimentos, China sud, Canton, China<\/div>\n<\/td>\n<td class=\"cell\">\n<div class=\"paragraph\">&#8211;<\/div>\n<\/td>\n<\/tr>\n<tr>\n<td class=\"cell\">\n<div class=\"paragraph\">Feria de iluminaci\u00f3n, Canton, China<\/div>\n<\/td>\n<td class=\"cell\">\n<div class=\"paragraph\">9 &#8211; 12 junio 2024<\/div>\n<\/td>\n<\/tr>\n<tr>\n<td class=\"cell\">\n<div class=\"paragraph\">CES Asia, Shanghai, China<\/div>\n<\/td>\n<td class=\"cell\">\n<div class=\"paragraph\">9 &#8211; 12 enero 2024<\/div>\n<\/td>\n<\/tr>\n<tr>\n<td class=\"cell\">\n<div class=\"paragraph\">Propak, la feria de empacar, Shanghai, China<\/div>\n<\/td>\n<td class=\"cell\">\n<div class=\"paragraph\">19 &#8211; 21 junio 2024<\/div>\n<\/td>\n<\/tr>\n<tr>\n<td class=\"cell\">\n<div class=\"paragraph\">Feria de aluminio, Shangahai, China<\/div>\n<\/td>\n<td class=\"cell\">\n<div class=\"paragraph\">3 &#8211; 5 julio 2024<\/div>\n<\/td>\n<\/tr>\n<tr>\n<td class=\"cell\">\n<div class=\"paragraph\">Feria de equipos y accesorios de fotograf\u00eda, Shanghai, China<\/div>\n<\/td>\n<td class=\"cell\">\n<div class=\"paragraph\">&#8211;<\/div>\n<\/td>\n<\/tr>\n<tr>\n<td class=\"cell\">\n<div class=\"paragraph\">AVAI, Feria de Aire acondicionado, ventilaci\u00f3n, purificaci\u00f3n del aire, Canton, China<\/div>\n<\/td>\n<td class=\"cell\">\n<div class=\"paragraph\">8 &#8211; 10 agosto 2024<\/div>\n<\/td>\n<\/tr>\n<tr>\n<td class=\"cell\">\n<div class=\"paragraph\">Feria de llantas, CITE, Shanghai, China<\/div>\n<\/td>\n<td class=\"cell\">\n<div class=\"paragraph\">4 &#8211; 6 septiembre 2024<\/div>\n<\/td>\n<\/tr>\n<tr>\n<td class=\"cell\">\n<div class=\"paragraph\">Feria de mascotas, Shanghai, China<\/div>\n<\/td>\n<td class=\"cell\">\n<div class=\"paragraph\">\u00a0 \u00a021 &#8211; 25 agosto 2024<\/div>\n<\/td>\n<\/tr>\n<tr>\n<td class=\"cell\">\n<div class=\"paragraph\">Intertextile (Textile para hogar), Shanghai, China<\/div>\n<\/td>\n<td class=\"cell\">\n<div class=\"paragraph\">14 &#8211; 16 agosto 2024<\/div>\n<\/td>\n<\/tr>\n<tr>\n<td class=\"cell\">\n<div class=\"paragraph\">Feria de equipos y tecnolog\u00eda para la industria de petr\u00f3leo, CIPPE, Shanghai, China<\/div>\n<\/td>\n<td class=\"cell\">\n<div class=\"paragraph\">19 &#8211; 21 noviembre 2024<\/div>\n<\/td>\n<\/tr>\n<tr>\n<td class=\"cell\">\n<div class=\"paragraph\">Feria de peluquer\u00eda China, Canton, China<\/div>\n<\/td>\n<td class=\"cell\">\n<div class=\"paragraph\">3 &#8211; 5 septiembre 2024<\/div>\n<\/td>\n<\/tr>\n<tr>\n<td class=\"cell\">\n<div class=\"paragraph\">Feria de comida y bebida China, Beijing, China<\/div>\n<\/td>\n<td class=\"cell\">\n<div class=\"paragraph\">24 &#8211; 26 mayo 2024<\/div>\n<\/td>\n<\/tr>\n<tr>\n<td class=\"cell\">\n<div class=\"paragraph\">SpinExpo, Shanghai, China<\/div>\n<\/td>\n<td class=\"cell\">\n<div class=\"paragraph\">5 &#8211; 7 marzo 2024<\/div>\n<\/td>\n<\/tr>\n<tr>\n<td class=\"cell\">\n<div class=\"paragraph\">Feria de cuero, Shanghai, China<\/div>\n<\/td>\n<td class=\"cell\">\n<div class=\"paragraph\">3 &#8211; 5 septiembre 2024<\/div>\n<\/td>\n<\/tr>\n<tr>\n<td class=\"cell\">\n<div class=\"paragraph\">Feria de muebles, CIFF, Shanghai, China<\/div>\n<\/td>\n<td class=\"cell\">\n<div class=\"paragraph\">11 &#8211; 14 septiembre 2024<\/div>\n<\/td>\n<\/tr>\n<tr>\n<td class=\"cell\">\n<div class=\"paragraph\">Feria Optoelectr\u00f3nica, Shenzhen, China<\/div>\n<\/td>\n<td class=\"cell\">\n<div class=\"paragraph\">11 &#8211; 13 septiembre 2024<\/div>\n<\/td>\n<\/tr>\n<tr>\n<td class=\"cell\">\n<div class=\"paragraph\">Feria \u00d3ptica, CIOF, Beijing, China<\/div>\n<\/td>\n<td class=\"cell\">\n<div class=\"paragraph\">10 &#8211; 12 septiembre 2024<\/div>\n<\/td>\n<\/tr>\n<tr>\n<td class=\"cell\">\n<div class=\"paragraph\">Feria de tecnolog\u00eda de caucho, Shanghai, China<\/div>\n<\/td>\n<td class=\"cell\">\n<div class=\"paragraph\">19 &#8211; 21 septiembre 2024<\/div>\n<\/td>\n<\/tr>\n<tr>\n<td class=\"cell\">\n<div class=\"paragraph\">Feria M\u00e9dica China, Suzhou, China<\/div>\n<\/td>\n<td class=\"cell\">\n<div class=\"paragraph\">21 &#8211; 23 agosto 2024<\/div>\n<\/td>\n<\/tr>\n<tr>\n<td class=\"cell\">\n<div class=\"paragraph\">LED China, Shanghai, China<\/div>\n<\/td>\n<td class=\"cell\">\n<div class=\"paragraph\">&#8211;<\/div>\n<\/td>\n<\/tr>\n<tr>\n<td class=\"cell\">\n<div class=\"paragraph\">SIGN China, Shanghai, China<\/div>\n<\/td>\n<td class=\"cell\">\n<div class=\"paragraph\">&#8211;<\/div>\n<\/td>\n<\/tr>\n<tr>\n<td class=\"cell\">\n<div class=\"paragraph\">Feria de tecnolog\u00eda de papel, Shanghai, China<\/div>\n<\/td>\n<td class=\"cell\">\n<div class=\"paragraph\">28 &#8211; 30 mayo 2024<\/div>\n<\/td>\n<\/tr>\n<tr>\n<td class=\"cell\">\n<div class=\"paragraph\">Intertextile (Textile de indumentar\u00eda), Shanghai, China<\/div>\n<\/td>\n<td class=\"cell\">\n<div class=\"paragraph\">27 &#8211; 29 agosto 2024<\/div>\n<\/td>\n<\/tr>\n<tr>\n<td class=\"cell\">\n<div class=\"paragraph\">\u200b\u200bAll In Print, Shanghai, China<\/div>\n<\/td>\n<td class=\"cell\">\n<div class=\"paragraph\">1 &#8211; 4 noviembre 2024<\/div>\n<\/td>\n<\/tr>\n<tr>\n<td class=\"cell\">\n<div class=\"paragraph\">Feria de repuestos para autos, Shanghai, China<\/div>\n<\/td>\n<td class=\"cell\">\n<div class=\"paragraph\">3 &#8211; 5 julio 2024<\/div>\n<\/td>\n<\/tr>\n<tr>\n<td class=\"cell\">\n<div class=\"paragraph\"><a href=\"https:\/\/www.orient-plus.net\/china_feria-canton.html\">Feria Canton (Oto\u00f1o), Fase I, Canton, China<\/a><\/div>\n<\/td>\n<td class=\"cell\">\n<div class=\"paragraph\">15 &#8211; 19 Octubre 2024<\/div>\n<\/td>\n<\/tr>\n<tr>\n<td class=\"cell\">\n<div class=\"paragraph\">Feria de juguetes, Shanghai, CBME, China<\/div>\n<\/td>\n<td class=\"cell\">\n<div class=\"paragraph\">\u200b17 &#8211; 19 julio 2024<\/div>\n<\/td>\n<\/tr>\n<tr>\n<td class=\"cell\">\n<div class=\"paragraph\">Feria Miner\u00eda, Tianjin, China<\/div>\n<\/td>\n<td class=\"cell\">\n<div class=\"paragraph\">&#8211;<\/div>\n<\/td>\n<\/tr>\n<tr>\n<td class=\"cell\">\n<div class=\"paragraph\"><a href=\"https:\/\/www.orient-plus.net\/china_mercado-yiwu.html\">Feria Yiwu, Yiwu, China<\/a><\/div>\n<\/td>\n<td class=\"cell\">\n<div class=\"paragraph\">21 &#8211; 25 octubre 2024<\/div>\n<\/td>\n<\/tr>\n<tr>\n<td class=\"cell\">\n<div class=\"paragraph\"><a href=\"https:\/\/www.orient-plus.net\/china_feria-canton.html\">Feria Canton (Oto\u00f1o), Fase II<\/a><\/div>\n<\/td>\n<td class=\"cell\">\n<div class=\"paragraph\">23 &#8211; 27 Octubre 2024<\/div>\n<\/td>\n<\/tr>\n<tr>\n<td class=\"cell\">\n<div class=\"paragraph\">Feria de mariscots CFSE, Qingdao, China<\/div>\n<\/td>\n<td class=\"cell\">\n<div class=\"paragraph\">octubre 2024<\/div>\n<\/td>\n<\/tr>\n<tr>\n<td class=\"cell\">\n<div class=\"paragraph\">Feria de seguridad p\u00fablica, Beijing, China<\/div>\n<\/td>\n<td class=\"cell\">\n<div class=\"paragraph\">22 &#8211; 25 octubre 2024<\/div>\n<\/td>\n<\/tr>\n<tr>\n<td class=\"cell\">\n<div class=\"paragraph\"><a href=\"https:\/\/www.orient-plus.net\/china_feria-canton.html\">Feria Canton (Oto\u00f1o), Fase III, Canton, China<\/a><\/div>\n<\/td>\n<td class=\"cell\">\n<div class=\"paragraph\">31 octubre &#8211; 4 noviembre 2024<\/div>\n<\/td>\n<\/tr>\n<tr>\n<td class=\"cell\">\n<div class=\"paragraph\">PTC Asia, Shanghai, China<\/div>\n<\/td>\n<td class=\"cell\">\n<div class=\"paragraph\">5 &#8211; 8 noviembre 2024<\/div>\n<\/td>\n<\/tr>\n<tr>\n<td class=\"cell\">\n<div class=\"paragraph\">CeMAT, Shanghai, China<\/div>\n<\/td>\n<td class=\"cell\">\n<div class=\"paragraph\">5 &#8211; 8 noviembre 2024<\/div>\n<\/td>\n<\/tr>\n<tr>\n<td class=\"cell\">\n<div class=\"paragraph\">BAUMA, Shanghai, China<\/div>\n<\/td>\n<td class=\"cell\">\n<div class=\"paragraph\">26 &#8211; 29 noviembre 2024<\/div>\n<\/td>\n<\/tr>\n<tr>\n<td class=\"cell\">\n<div class=\"paragraph\">Feria de Pintura (China Coat), Guangzhou, China<\/div>\n<\/td>\n<td class=\"cell\">\n<div class=\"paragraph\">3 &#8211; 5 diciembre 2024<\/div>\n<\/td>\n<\/tr>\n<tr>\n<td class=\"cell\">\n<div class=\"paragraph\">\u200bAutomec\u00e1nica, Shanghai, China<\/div>\n<\/td>\n<td class=\"cell\">\n<div class=\"paragraph\">2 &#8211; 5 diciembre 2024<\/div>\n<\/td>\n<\/tr>\n<tr>\n<td class=\"cell\">\n<div class=\"paragraph\">Label Expo Asia, Shenzhen, China<\/div>\n<\/td>\n<td class=\"cell\">\n<div class=\"paragraph\">4 &#8211; 6 diciembre 2024<\/div>\n<\/td>\n<\/tr>\n<\/tbody>\n<\/table>\n<hr \/>\n<h4>El Programa incluye:<\/h4>\n<ul>\n<li>Tickets a\u00e9reos Santiago &#8211; China.<\/li>\n<li>Traslado aeropuertos, estaci\u00f3n de trenes y hotel.<\/li>\n<li>Hotel Holiday Inn o equivalente, desayuno incluido.<\/li>\n<li>Visita a la o las ferias de inter\u00e9s.<\/li>\n<li>Ticket a la fer\u00edas.<\/li>\n<li>Visitas f\u00e1bricas de la industria requerida.<\/li>\n<li>Visitas tur\u00edsticas por acuerdos previo.<\/li>\n<li>Tramitaci\u00f3n de Visa, ESTA o ETA, seg\u00fan corresponda.<\/li>\n<li>Seguro de viaje.<\/li>\n<li>Traductor chino \u2013 espa\u00f1ol &#8211; ingles, seg\u00fan necesidad.<\/li>\n<li>Acompa\u00f1amiento permanente dentro de China (idioma espa\u00f1ol).<\/li>\n<li>Asesor\u00eda por equipo de profesionales expertos en Negocios con China.<\/li>\n<li>Asesor\u00eda Posterior al viaje en proceso de importaci\u00f3n.<\/li>\n<li>Todo el programa es acordado antes del viaje.<\/li>\n<\/ul>\n<hr \/>\n<h4>Servicios no incluidos:<\/h4>\n<ul>\n<li>Almuerzos y cenas.<\/li>\n<li>Gastos personales y de servicios no acordados previamente.<\/li>\n<\/ul>\n<hr \/>\n<h4>TIMELINE<\/h4>\n<p>La fecha es por conveniencia del cliente.<\/p>\n<hr \/>\n<h4>TEM\u00c1TICAS DE FERIAS<\/h4>\n<p>Cada feria posee su tema en particular.<\/p>\n<hr \/>\n<p><strong>PRECIO: <\/strong>Seg\u00fan programa dise\u00f1ado para el cliente<\/p>\n","protected":false},"excerpt":{"rendered":"<p>LA \u00daNICA\u00a0empresa en\u00a0CHILE con misiones de negocios INTERNACIONALES y PERSONALIZADAS \u00bfTE ATREVES? FROMCHINA ofrece una soluci\u00f3n integral para las empresas de Chile y Am\u00e9rica Latina en la etapa inicial de &#8230;<\/p>\n","protected":false},"author":1,"featured_media":0,"parent":0,"menu_order":0,"comment_status":"closed","ping_status":"closed","template":"","meta":{"footnotes":""},"class_list":["post-1400","page","type-page","status-publish","hentry"],"_links":{"self":[{"href":"https:\/\/fromchina.cl\/tours\/wp-json\/wp\/v2\/pages\/1400","targetHints":{"allow":["GET"]}}],"collection":[{"href":"https:\/\/fromchina.cl\/tours\/wp-json\/wp\/v2\/pages"}],"about":[{"href":"https:\/\/fromchina.cl\/tours\/wp-json\/wp\/v2\/types\/page"}],"author":[{"embeddable":true,"href":"https:\/\/fromchina.cl\/tours\/wp-json\/wp\/v2\/users\/1"}],"replies":[{"embeddable":true,"href":"https:\/\/fromchina.cl\/tours\/wp-json\/wp\/v2\/comments?post=1400"}],"version-history":[{"count":12,"href":"https:\/\/fromchina.cl\/tours\/wp-json\/wp\/v2\/pages\/1400\/revisions"}],"predecessor-version":[{"id":1591,"href":"https:\/\/fromchina.cl\/tours\/wp-json\/wp\/v2\/pages\/1400\/revisions\/1591"}],"wp:attachment":[{"href":"https:\/\/fromchina.cl\/tours\/wp-json\/wp\/v2\/media?parent=1400"}],"curies":[{"name":"wp","href":"https:\/\/api.w.org\/{rel}","templated":true}]}}